{"id":7,"date":"2014-01-12T09:35:46","date_gmt":"2014-01-12T07:35:46","guid":{"rendered":"http:\/\/www.ferienhaus-westlicher-bodensee.de\/?page_id=7"},"modified":"2017-04-30T08:46:50","modified_gmt":"2017-04-30T06:46:50","slug":"lage-und-landschaft","status":"publish","type":"page","link":"https:\/\/www.ferienhaus-westlicher-bodensee.de\/","title":{"rendered":"LAGE | LANDSCHAFT"},"content":{"rendered":"<p>Das Ferienhaus liegt in der Gemeinde Hohenfels, im Ortsteil Deutwang und ist ca. 8 km entfernt vom See. Die n\u00e4chsten Kleinst\u00e4dte sind Stockach und \u00dcberlingen, 8 km und\u00a015 km entfernt.<\/p>\n<p><a href=\"http:\/\/www.ferienhaus-westlicher-bodensee.de\/wp-content\/uploads\/2014\/04\/Lage.jpg\"><img loading=\"lazy\" decoding=\"async\" class=\"alignnone size-medium wp-image-87\" src=\"http:\/\/www.ferienhaus-westlicher-bodensee.de\/wp-content\/uploads\/2014\/04\/Lage-300x157.jpg\" alt=\"Lage\" width=\"300\" height=\"157\" srcset=\"https:\/\/www.ferienhaus-westlicher-bodensee.de\/wp-content\/uploads\/2014\/04\/Lage-300x157.jpg 300w, https:\/\/www.ferienhaus-westlicher-bodensee.de\/wp-content\/uploads\/2014\/04\/Lage-500x261.jpg 500w, https:\/\/www.ferienhaus-westlicher-bodensee.de\/wp-content\/uploads\/2014\/04\/Lage.jpg 915w\" sizes=\"auto, (max-width: 300px) 100vw, 300px\" \/><\/a><\/p>\n<p>Die n\u00e4chst gr\u00f6\u00dferen St\u00e4dte Singen und Konstanz haben eine Entfernung von 30 und 40 Autokilometer, Schaffhausen in der Schweiz ist mit etwas knapp \u00fcber 40 Autokilometer zu erreichen.<\/p>\n<p>Leicht wellige H\u00fcgelketten mit Vulkankegeln geben der Landschaft ihre anmutende Sch\u00f6nheit. Im Zentrum dieser Vulkanlandschaft liegt die Stadt Singen.<\/p>\n<p>Der Standort f\u00fcr das Landschaftsbild, das Sie oben sehen, ist H\u00f6dingen bei \u00dcberlingen. Sie sehen den \u00dcberlinger See, am Horizont \u00f6ffnet sich der \u00dcberlinger See zum Obersee, im Hintergrund die Schweizer Alpen (Aufnahme vom 29.04.2017)<\/p>\n<p>5 Fu\u00dfminuten vom Ferienhaus entfernt, sehen Sie die Landschaft wie im Bild unten. H\u00fcgelig, zum Bodensee hin abfallend. (Aufnahme vom April 2017)<\/p>\n<p><a href=\"http:\/\/www.ferienhaus-westlicher-bodensee.de\/wp-content\/uploads\/2017\/04\/Hegaulandschaft.png\"><img loading=\"lazy\" decoding=\"async\" class=\"alignnone size-medium wp-image-115\" src=\"http:\/\/www.ferienhaus-westlicher-bodensee.de\/wp-content\/uploads\/2017\/04\/Hegaulandschaft-300x202.png\" alt=\"\" width=\"300\" height=\"202\" srcset=\"https:\/\/www.ferienhaus-westlicher-bodensee.de\/wp-content\/uploads\/2017\/04\/Hegaulandschaft-300x202.png 300w, https:\/\/www.ferienhaus-westlicher-bodensee.de\/wp-content\/uploads\/2017\/04\/Hegaulandschaft-768x518.png 768w, https:\/\/www.ferienhaus-westlicher-bodensee.de\/wp-content\/uploads\/2017\/04\/Hegaulandschaft-445x300.png 445w, https:\/\/www.ferienhaus-westlicher-bodensee.de\/wp-content\/uploads\/2017\/04\/Hegaulandschaft.png 896w\" sizes=\"auto, (max-width: 300px) 100vw, 300px\" \/><\/a><\/p>\n<p>&nbsp;<\/p>\n","protected":false},"excerpt":{"rendered":"<p>Das Ferienhaus liegt in der Gemeinde Hohenfels, im Ortsteil Deutwang und ist ca. 8 km entfernt vom See. Die n\u00e4chsten Kleinst\u00e4dte sind Stockach und \u00dcberlingen, 8 km und\u00a015 km entfernt. Die n\u00e4chst gr\u00f6\u00dferen St\u00e4dte Singen und Konstanz haben eine Entfernung &hellip; <a href=\"https:\/\/www.ferienhaus-westlicher-bodensee.de\/\">Weiterlesen <span class=\"meta-nav\">&rarr;<\/span><\/a><\/p>\n","protected":false},"author":1,"featured_media":0,"parent":0,"menu_order":0,"comment_status":"closed","ping_status":"open","template":"","meta":{"footnotes":""},"class_list":["post-7","page","type-page","status-publish","hentry"],"_links":{"self":[{"href":"https:\/\/www.ferienhaus-westlicher-bodensee.de\/index.php?rest_route=\/wp\/v2\/pages\/7","targetHints":{"allow":["GET"]}}],"collection":[{"href":"https:\/\/www.ferienhaus-westlicher-bodensee.de\/index.php?rest_route=\/wp\/v2\/pages"}],"about":[{"href":"https:\/\/www.ferienhaus-westlicher-bodensee.de\/index.php?rest_route=\/wp\/v2\/types\/page"}],"author":[{"embeddable":true,"href":"https:\/\/www.ferienhaus-westlicher-bodensee.de\/index.php?rest_route=\/wp\/v2\/users\/1"}],"replies":[{"embeddable":true,"href":"https:\/\/www.ferienhaus-westlicher-bodensee.de\/index.php?rest_route=%2Fwp%2Fv2%2Fcomments&post=7"}],"version-history":[{"count":25,"href":"https:\/\/www.ferienhaus-westlicher-bodensee.de\/index.php?rest_route=\/wp\/v2\/pages\/7\/revisions"}],"predecessor-version":[{"id":121,"href":"https:\/\/www.ferienhaus-westlicher-bodensee.de\/index.php?rest_route=\/wp\/v2\/pages\/7\/revisions\/121"}],"wp:attachment":[{"href":"https:\/\/www.ferienhaus-westlicher-bodensee.de\/index.php?rest_route=%2Fwp%2Fv2%2Fmedia&parent=7"}],"curies":[{"name":"wp","href":"https:\/\/api.w.org\/{rel}","templated":true}]}}